{"id":277,"date":"2021-03-28T11:58:34","date_gmt":"2021-03-28T11:58:34","guid":{"rendered":"https:\/\/thoursie.net\/?page_id=277"},"modified":"2024-07-04T19:54:37","modified_gmt":"2024-07-04T19:54:37","slug":"bilder","status":"publish","type":"page","link":"https:\/\/thoursie.net\/?page_id=277","title":{"rendered":"Bilder"},"content":{"rendered":"\n[et_pb_section fb_built=&#8221;1&#8243; _builder_version=&#8221;4.16&#8243; _module_preset=&#8221;default&#8221; global_colors_info=&#8221;{}&#8221;][et_pb_row _builder_version=&#8221;4.25.1&#8243; _module_preset=&#8221;default&#8221;][et_pb_column _builder_version=&#8221;4.25.1&#8243; _module_preset=&#8221;default&#8221; type=&#8221;4_4&#8243;][et_pb_text _builder_version=&#8221;4.25.1&#8243; _module_preset=&#8221;default&#8221; hover_enabled=&#8221;0&#8243; sticky_enabled=&#8221;0&#8243;]<h1>Kommunikation<\/h1>[\/et_pb_text][\/et_pb_column][\/et_pb_row][et_pb_row column_structure=&#8221;1_3,2_3&#8243; _builder_version=&#8221;4.16&#8243; _module_preset=&#8221;default&#8221; global_colors_info=&#8221;{}&#8221;][et_pb_column type=&#8221;1_3&#8243; _builder_version=&#8221;4.16&#8243; _module_preset=&#8221;default&#8221; global_colors_info=&#8221;{}&#8221;][et_pb_text _builder_version=&#8221;4.16&#8243; _module_preset=&#8221;default&#8221; width=&#8221;100%&#8221; global_colors_info=&#8221;{}&#8221;]<h1><\/h1>\n<h1><\/h1>\n<h1>Moment<\/h1>\n<p>&nbsp;<\/p>\n<p>Vi st\u00e5r d\u00e4r<\/p>\n<p>Lite tafatta och pausade<\/p>\n<p>V\u00e4ntar<\/p>\n<p>att den andre ska ta ett steg<\/p>\n<p>F\u00f6rst<\/p>[\/et_pb_text][\/et_pb_column][et_pb_column type=&#8221;2_3&#8243; _builder_version=&#8221;4.16&#8243; _module_preset=&#8221;default&#8221; global_colors_info=&#8221;{}&#8221;][et_pb_image src=&#8221;https:\/\/media3.thoursie.net\/2021\/03\/Moment-Skiss-1-1-e1616868434409.webp&#8221; title_text=&#8221;Moment &#8211; Skiss 1&#8243; _builder_version=&#8221;4.16&#8243; _module_preset=&#8221;default&#8221; global_colors_info=&#8221;{}&#8221;][\/et_pb_image][\/et_pb_column][\/et_pb_row][et_pb_row column_structure=&#8221;1_3,2_3&#8243; _builder_version=&#8221;4.16&#8243; _module_preset=&#8221;default&#8221; global_colors_info=&#8221;{}&#8221;][et_pb_column type=&#8221;1_3&#8243; _builder_version=&#8221;4.16&#8243; _module_preset=&#8221;default&#8221; global_colors_info=&#8221;{}&#8221;][et_pb_text _builder_version=&#8221;4.16&#8243; _module_preset=&#8221;default&#8221; global_colors_info=&#8221;{}&#8221;]<h1><\/h1>\n<h1><\/h1>\n<h1>Jag g\u00e5r nu<\/h1>\n<p>&nbsp;<\/p>\n<p><span style=\"font-size: 14px\">Tiden tickar<\/span><\/p>\n<p>med t\u00e5lamod som tryter<\/p>\n<p>p\u00e5 v\u00e4gen<\/p>\n<p>\u00e5t ett annat h\u00e5ll<\/p>\n<p>Nu<\/p>[\/et_pb_text][\/et_pb_column][et_pb_column type=&#8221;2_3&#8243; _builder_version=&#8221;4.16&#8243; _module_preset=&#8221;default&#8221; global_colors_info=&#8221;{}&#8221;][et_pb_image src=&#8221;https:\/\/media3.thoursie.net\/2021\/03\/Jag-ga\u030ar-nu-Skiss-1-1-e1616913350363.webp&#8221; title_text=&#8221;Jag ga\u030ar nu &#8211; Skiss 1&#8243; _builder_version=&#8221;4.16&#8243; _module_preset=&#8221;default&#8221; global_colors_info=&#8221;{}&#8221;][\/et_pb_image][\/et_pb_column][\/et_pb_row][et_pb_row column_structure=&#8221;1_3,2_3&#8243; _builder_version=&#8221;4.16&#8243; _module_preset=&#8221;default&#8221; global_colors_info=&#8221;{}&#8221;][et_pb_column type=&#8221;1_3&#8243; _builder_version=&#8221;4.16&#8243; _module_preset=&#8221;default&#8221; global_colors_info=&#8221;{}&#8221;][et_pb_text _builder_version=&#8221;4.16&#8243; _module_preset=&#8221;default&#8221; global_colors_info=&#8221;{}&#8221;]<h1><\/h1>\n<h1><\/h1>\n<h1>Vad v\u00e4ntar du p\u00e5<\/h1>\n<p>&nbsp;<\/p>\n<p><span style=\"font-size: 14px\">F\u00f6rstenat<\/span><\/p>\n<p>saknar jag<\/p>\n<p>en l\u00e5ga som slocknat<\/p>\n<p>Fastfrusna f\u00f6tter<\/p>\n<p>Tinar v\u00e5ren<\/p>[\/et_pb_text][\/et_pb_column][et_pb_column type=&#8221;2_3&#8243; _builder_version=&#8221;4.16&#8243; _module_preset=&#8221;default&#8221; global_colors_info=&#8221;{}&#8221;][et_pb_image src=&#8221;https:\/\/media3.thoursie.net\/2021\/03\/Vad-va\u0308ntar-du-pa\u030a-Skiss-1-e1616913411519.webp&#8221; title_text=&#8221;Vad va\u0308ntar du pa\u030a &#8211; Skiss 1&#8243; _builder_version=&#8221;4.16&#8243; _module_preset=&#8221;default&#8221; global_colors_info=&#8221;{}&#8221;][\/et_pb_image][\/et_pb_column][\/et_pb_row][et_pb_row column_structure=&#8221;1_3,2_3&#8243; _builder_version=&#8221;4.16&#8243; _module_preset=&#8221;default&#8221; global_colors_info=&#8221;{}&#8221;][et_pb_column type=&#8221;1_3&#8243; _builder_version=&#8221;4.16&#8243; _module_preset=&#8221;default&#8221; global_colors_info=&#8221;{}&#8221;][et_pb_text _builder_version=&#8221;4.16&#8243; _module_preset=&#8221;default&#8221; global_colors_info=&#8221;{}&#8221;]<h1><\/h1>\n<h1><\/h1>\n<h1>Interaktion<\/h1>\n<p>&nbsp;<\/p>\n<p><span style=\"font-size: 14px\">Vi s\u00f6ker\u00a0<\/span><\/p>\n<p>en reaktion<\/p>\n<p>f\u00f6r oss b\u00e5da<\/p>\n<p>blir som ett hinder<\/p>\n<p>p\u00e5 v\u00e4g till andra sidan<\/p>[\/et_pb_text][\/et_pb_column][et_pb_column type=&#8221;2_3&#8243; _builder_version=&#8221;4.16&#8243; _module_preset=&#8221;default&#8221; global_colors_info=&#8221;{}&#8221;][et_pb_image src=&#8221;https:\/\/media3.thoursie.net\/2021\/03\/Interaktion-Skiss-1-e1616913440512.webp&#8221; title_text=&#8221;Interaktion &#8211; Skiss 1&#8243; _builder_version=&#8221;4.16&#8243; _module_preset=&#8221;default&#8221; global_colors_info=&#8221;{}&#8221;][\/et_pb_image][\/et_pb_column][\/et_pb_row][et_pb_row column_structure=&#8221;1_3,2_3&#8243; _builder_version=&#8221;4.16&#8243; _module_preset=&#8221;default&#8221; global_colors_info=&#8221;{}&#8221;][et_pb_column type=&#8221;1_3&#8243; _builder_version=&#8221;4.16&#8243; _module_preset=&#8221;default&#8221; global_colors_info=&#8221;{}&#8221;][et_pb_text _builder_version=&#8221;4.16&#8243; _module_preset=&#8221;default&#8221; global_colors_info=&#8221;{}&#8221;]<h1><\/h1>\n<h1><\/h1>\n<h1>Oskiljbara<\/h1>[\/et_pb_text][\/et_pb_column][et_pb_column type=&#8221;2_3&#8243; _builder_version=&#8221;4.16&#8243; _module_preset=&#8221;default&#8221; global_colors_info=&#8221;{}&#8221;][et_pb_image src=&#8221;https:\/\/media3.thoursie.net\/2021\/03\/Oskiljbara-Skiss-1-e1616913394199.webp&#8221; title_text=&#8221;Oskiljbara &#8211; Skiss 1&#8243; _builder_version=&#8221;4.16&#8243; _module_preset=&#8221;default&#8221; global_colors_info=&#8221;{}&#8221;][\/et_pb_image][\/et_pb_column][\/et_pb_row][et_pb_row column_structure=&#8221;1_3,1_3,1_3&#8243; _builder_version=&#8221;4.16&#8243; _module_preset=&#8221;default&#8221; global_colors_info=&#8221;{}&#8221;][et_pb_column type=&#8221;1_3&#8243; _builder_version=&#8221;4.16&#8243; _module_preset=&#8221;default&#8221; global_colors_info=&#8221;{}&#8221;][et_pb_text _builder_version=&#8221;4.16&#8243; _module_preset=&#8221;default&#8221; global_colors_info=&#8221;{}&#8221;]<p>Bildytans format:<\/p>\n<p>&#8221;Moment&#8221;\u00a0 &#8221;Jag g\u00e5r nu&#8221; &#8221;Oskiljbara&#8221;<br \/>545&#215;720 mm 2 ex av respektive motiv.<\/p>\n<p>&#8221;Moment&#8221;\u00a0 &#8221;Jag g\u00e5r nu&#8221; &#8221;Vad v\u00e4ntar du p\u00e5&#8221; &#8221;Interaktion&#8221; &#8221;Oskiljbara&#8221;<br \/>352&#215;470 mm 5 ex av respektive motiv.<\/p>[\/et_pb_text][\/et_pb_column][et_pb_column type=&#8221;1_3&#8243; _builder_version=&#8221;4.16&#8243; _module_preset=&#8221;default&#8221; global_colors_info=&#8221;{}&#8221;][et_pb_text _builder_version=&#8221;4.16&#8243; _module_preset=&#8221;default&#8221; global_colors_info=&#8221;{}&#8221;]<p>Bilderna finns framtagna som signerade grafiska blad \u2013 digigrafier.<br \/>Pigmenttryck p\u00e5 Hahnem\u00fchle konsttryckspapper.<\/p>[\/et_pb_text][\/et_pb_column][et_pb_column type=&#8221;1_3&#8243; _builder_version=&#8221;4.16&#8243; _module_preset=&#8221;default&#8221; global_colors_info=&#8221;{}&#8221;][\/et_pb_column][\/et_pb_row][\/et_pb_section]\n","protected":false},"excerpt":{"rendered":"<p>Kommunikation Moment &nbsp; Vi st\u00e5r d\u00e4r Lite tafatta och pausade V\u00e4ntar att den andre ska ta ett steg F\u00f6rst Jag g\u00e5r nu &nbsp; Tiden tickar med t\u00e5lamod som tryter p\u00e5 v\u00e4gen \u00e5t ett annat h\u00e5ll Nu Vad v\u00e4ntar du p\u00e5 &nbsp; F\u00f6rstenat saknar jag en l\u00e5ga som slocknat Fastfrusna f\u00f6tter Tinar v\u00e5ren Interaktion &nbsp; Vi [&hellip;]<\/p>\n","protected":false},"author":1,"featured_media":0,"parent":0,"menu_order":0,"comment_status":"closed","ping_status":"closed","template":"","meta":{"_et_pb_use_builder":"on","_et_pb_old_content":"","_et_gb_content_width":"","om_disable_all_campaigns":false,"_monsterinsights_skip_tracking":false,"_monsterinsights_sitenote_active":false,"_monsterinsights_sitenote_note":"","_monsterinsights_sitenote_category":0,"footnotes":""},"class_list":["post-277","page","type-page","status-publish","hentry"],"aioseo_notices":[],"_links":{"self":[{"href":"https:\/\/thoursie.net\/index.php?rest_route=\/wp\/v2\/pages\/277","targetHints":{"allow":["GET"]}}],"collection":[{"href":"https:\/\/thoursie.net\/index.php?rest_route=\/wp\/v2\/pages"}],"about":[{"href":"https:\/\/thoursie.net\/index.php?rest_route=\/wp\/v2\/types\/page"}],"author":[{"embeddable":true,"href":"https:\/\/thoursie.net\/index.php?rest_route=\/wp\/v2\/users\/1"}],"replies":[{"embeddable":true,"href":"https:\/\/thoursie.net\/index.php?rest_route=%2Fwp%2Fv2%2Fcomments&post=277"}],"version-history":[{"count":24,"href":"https:\/\/thoursie.net\/index.php?rest_route=\/wp\/v2\/pages\/277\/revisions"}],"predecessor-version":[{"id":1292,"href":"https:\/\/thoursie.net\/index.php?rest_route=\/wp\/v2\/pages\/277\/revisions\/1292"}],"wp:attachment":[{"href":"https:\/\/thoursie.net\/index.php?rest_route=%2Fwp%2Fv2%2Fmedia&parent=277"}],"curies":[{"name":"wp","href":"https:\/\/api.w.org\/{rel}","templated":true}]}}