{"id":335,"date":"2021-03-28T11:55:24","date_gmt":"2021-03-28T11:55:24","guid":{"rendered":"https:\/\/thoursie.net\/?page_id=335"},"modified":"2024-04-28T15:54:13","modified_gmt":"2024-04-28T15:54:13","slug":"masker","status":"publish","type":"page","link":"https:\/\/thoursie.net\/?page_id=335","title":{"rendered":"Masker"},"content":{"rendered":"<p>[et_pb_section fb_built=&#8221;1&#8243; _builder_version=&#8221;4.9.2&#8243; module_alignment=&#8221;center&#8221; min_height=&#8221;779px&#8221; custom_margin=&#8221;||0px||false|false&#8221;][et_pb_row column_structure=&#8221;1_4,1_2,1_4&#8243; _builder_version=&#8221;4.4.2&#8243; min_height=&#8221;64px&#8221; custom_margin=&#8221;0px||||false|false&#8221; custom_padding=&#8221;0px||||false|false&#8221;][et_pb_column type=&#8221;1_4&#8243; _builder_version=&#8221;4.4.2&#8243;][\/et_pb_column][et_pb_column type=&#8221;1_2&#8243; _builder_version=&#8221;4.4.2&#8243;][et_pb_text _builder_version=&#8221;4.9.3&#8243; text_font=&#8221;Oswald||||||||&#8221; text_font_size=&#8221;16px&#8221; text_letter_spacing=&#8221;2px&#8221; width=&#8221;100%&#8221; inline_fonts=&#8221;Oswald&#8221;]<\/p>\n<p style=\"text-align: center\"><span style=\"font-size: xx-large\"><span style=\"font-family: Oswald\">MASKER<\/span><\/span><\/p>\n<p>[\/et_pb_text][et_pb_text _builder_version=&#8221;4.9.3&#8243; _module_preset=&#8221;default&#8221;]<\/p>\n<p style=\"text-align: center\">Patinerad skr\u00f6jbr\u00e4nd r\u00f6dlera.<br \/>Varierande storlekar ca 8-15 cm<\/p>\n<p>[\/et_pb_text][\/et_pb_column][et_pb_column type=&#8221;1_4&#8243; _builder_version=&#8221;4.4.2&#8243;][\/et_pb_column][\/et_pb_row][et_pb_row column_structure=&#8221;1_3,1_3,1_3&#8243; _builder_version=&#8221;4.9.3&#8243; _module_preset=&#8221;default&#8221;][et_pb_column type=&#8221;1_3&#8243; _builder_version=&#8221;4.9.3&#8243; _module_preset=&#8221;default&#8221;][et_pb_image src=&#8221;https:\/\/media3.thoursie.net\/2021\/03\/SkulopturerEksjo\u0308kvadratiska-75-1-scaled-e1617000812542.webp&#8221; title_text=&#8221;SkulopturerEksjo\u0308kvadratiska-75&#8243; _builder_version=&#8221;4.9.3&#8243; _module_preset=&#8221;default&#8221;][\/et_pb_image][et_pb_text _builder_version=&#8221;4.9.3&#8243; _module_preset=&#8221;default&#8221;]<\/p>\n<p style=\"text-align: center\">Sunsun<\/p>\n<p>[\/et_pb_text][\/et_pb_column][et_pb_column type=&#8221;1_3&#8243; _builder_version=&#8221;4.9.3&#8243; _module_preset=&#8221;default&#8221;][et_pb_image src=&#8221;https:\/\/media3.thoursie.net\/2021\/03\/SkulopturerEksjo\u0308kvadratiska-69-1-scaled-e1617000883575.webp&#8221; title_text=&#8221;SkulopturerEksjo\u0308kvadratiska-69&#8243; _builder_version=&#8221;4.9.3&#8243; _module_preset=&#8221;default&#8221;][\/et_pb_image][et_pb_text _builder_version=&#8221;4.9.3&#8243; _module_preset=&#8221;default&#8221;]<\/p>\n<p style=\"text-align: center\">Chief<\/p>\n<p>[\/et_pb_text][\/et_pb_column][et_pb_column type=&#8221;1_3&#8243; _builder_version=&#8221;4.9.3&#8243; _module_preset=&#8221;default&#8221;][et_pb_image src=&#8221;https:\/\/media3.thoursie.net\/2021\/03\/SkulopturerEksjo\u0308kvadratiska-67-1-scaled-e1617000904772.webp&#8221; title_text=&#8221;SkulopturerEksjo\u0308kvadratiska-67&#8243; _builder_version=&#8221;4.9.3&#8243; _module_preset=&#8221;default&#8221;][\/et_pb_image][et_pb_text _builder_version=&#8221;4.9.3&#8243; _module_preset=&#8221;default&#8221;]<\/p>\n<p style=\"text-align: center\">Lip<\/p>\n<p>[\/et_pb_text][\/et_pb_column][\/et_pb_row][et_pb_row column_structure=&#8221;1_3,1_3,1_3&#8243; _builder_version=&#8221;4.9.3&#8243; _module_preset=&#8221;default&#8221;][et_pb_column type=&#8221;1_3&#8243; _builder_version=&#8221;4.9.3&#8243; _module_preset=&#8221;default&#8221;][et_pb_image src=&#8221;https:\/\/media3.thoursie.net\/2021\/03\/SkulopturerEksjo\u0308kvadratiska-73-scaled-e1617000843269.webp&#8221; title_text=&#8221;SkulopturerEksjo\u0308kvadratiska-73&#8243; _builder_version=&#8221;4.9.3&#8243; _module_preset=&#8221;default&#8221;][\/et_pb_image][et_pb_text _builder_version=&#8221;4.9.3&#8243; _module_preset=&#8221;default&#8221;]<\/p>\n<p style=\"text-align: center\">Shrinkle<\/p>\n<p>[\/et_pb_text][\/et_pb_column][et_pb_column type=&#8221;1_3&#8243; _builder_version=&#8221;4.9.3&#8243; _module_preset=&#8221;default&#8221;][et_pb_image src=&#8221;https:\/\/media3.thoursie.net\/2021\/03\/SkulopturerEksjo\u0308kvadratiska-64-scaled-e1617000936869.webp&#8221; title_text=&#8221;SkulopturerEksjo\u0308kvadratiska-64&#8243; _builder_version=&#8221;4.9.3&#8243; _module_preset=&#8221;default&#8221;][\/et_pb_image][et_pb_text _builder_version=&#8221;4.9.3&#8243; _module_preset=&#8221;default&#8221;]<\/p>\n<p style=\"text-align: center\">Suleep<\/p>\n<p>[\/et_pb_text][\/et_pb_column][et_pb_column type=&#8221;1_3&#8243; _builder_version=&#8221;4.9.3&#8243; _module_preset=&#8221;default&#8221;][et_pb_image src=&#8221;https:\/\/media3.thoursie.net\/2021\/03\/SkulopturerEksjo\u0308kvadratiska-52-scaled-e1617001085320.webp&#8221; title_text=&#8221;SkulopturerEksjo\u0308kvadratiska-52&#8243; _builder_version=&#8221;4.9.3&#8243; _module_preset=&#8221;default&#8221;][\/et_pb_image][et_pb_text _builder_version=&#8221;4.9.3&#8243; _module_preset=&#8221;default&#8221;]<\/p>\n<p style=\"text-align: center\">Letmethink<\/p>\n<p>[\/et_pb_text][\/et_pb_column][\/et_pb_row][et_pb_row column_structure=&#8221;1_3,1_3,1_3&#8243; _builder_version=&#8221;4.9.3&#8243; _module_preset=&#8221;default&#8221;][et_pb_column type=&#8221;1_3&#8243; _builder_version=&#8221;4.9.3&#8243; _module_preset=&#8221;default&#8221;][et_pb_image src=&#8221;https:\/\/media3.thoursie.net\/2021\/03\/SkulopturerEksjo\u0308kvadratiska-63-scaled-e1617000945378.webp&#8221; title_text=&#8221;SkulopturerEksjo\u0308kvadratiska-63&#8243; _builder_version=&#8221;4.9.3&#8243; _module_preset=&#8221;default&#8221;][\/et_pb_image][et_pb_text _builder_version=&#8221;4.9.3&#8243; _module_preset=&#8221;default&#8221;]<\/p>\n<p style=\"text-align: center\">Amoba<\/p>\n<p>[\/et_pb_text][\/et_pb_column][et_pb_column type=&#8221;1_3&#8243; _builder_version=&#8221;4.9.3&#8243; _module_preset=&#8221;default&#8221;][et_pb_image src=&#8221;https:\/\/media3.thoursie.net\/2021\/03\/SkulopturerEksjo\u0308kvadratiska-60-scaled-e1617000975315.webp&#8221; title_text=&#8221;SkulopturerEksjo\u0308kvadratiska-60&#8243; _builder_version=&#8221;4.9.3&#8243; _module_preset=&#8221;default&#8221;][\/et_pb_image][et_pb_text _builder_version=&#8221;4.9.3&#8243; _module_preset=&#8221;default&#8221;]<\/p>\n<p style=\"text-align: center\">Jevil<\/p>\n<p>[\/et_pb_text][\/et_pb_column][et_pb_column type=&#8221;1_3&#8243; _builder_version=&#8221;4.9.3&#8243; _module_preset=&#8221;default&#8221;][et_pb_image src=&#8221;https:\/\/media3.thoursie.net\/2021\/03\/SkulopturerEksjo\u0308kvadratiska-58-scaled-e1617001001693.webp&#8221; title_text=&#8221;SkulopturerEksjo\u0308kvadratiska-58&#8243; _builder_version=&#8221;4.9.3&#8243; _module_preset=&#8221;default&#8221;][\/et_pb_image][et_pb_text _builder_version=&#8221;4.9.3&#8243; _module_preset=&#8221;default&#8221;]<\/p>\n<p style=\"text-align: center\">Inno<\/p>\n<p>[\/et_pb_text][\/et_pb_column][\/et_pb_row][et_pb_row column_structure=&#8221;1_3,1_3,1_3&#8243; _builder_version=&#8221;4.9.3&#8243; _module_preset=&#8221;default&#8221;][et_pb_column type=&#8221;1_3&#8243; _builder_version=&#8221;4.9.3&#8243; _module_preset=&#8221;default&#8221;][et_pb_image src=&#8221;https:\/\/media3.thoursie.net\/2021\/03\/SkulopturerEksjo\u0308kvadratiska-56-scaled-e1617001020140.webp&#8221; title_text=&#8221;SkulopturerEksjo\u0308kvadratiska-56&#8243; _builder_version=&#8221;4.9.3&#8243; _module_preset=&#8221;default&#8221;][\/et_pb_image][et_pb_text _builder_version=&#8221;4.9.3&#8243; _module_preset=&#8221;default&#8221;]<\/p>\n<p style=\"text-align: center\">Sprack<\/p>\n<p>[\/et_pb_text][\/et_pb_column][et_pb_column type=&#8221;1_3&#8243; _builder_version=&#8221;4.9.3&#8243; _module_preset=&#8221;default&#8221;][et_pb_image src=&#8221;https:\/\/media3.thoursie.net\/2021\/03\/SkulopturerEksjo\u0308kvadratiska-54-scaled-e1617001066426.webp&#8221; title_text=&#8221;SkulopturerEksjo\u0308kvadratiska-54&#8243; _builder_version=&#8221;4.9.3&#8243; _module_preset=&#8221;default&#8221;][\/et_pb_image][et_pb_text _builder_version=&#8221;4.9.3&#8243; _module_preset=&#8221;default&#8221;]<\/p>\n<p style=\"text-align: center\">Outer<\/p>\n<p>[\/et_pb_text][\/et_pb_column][et_pb_column type=&#8221;1_3&#8243; _builder_version=&#8221;4.9.3&#8243; _module_preset=&#8221;default&#8221;][et_pb_image src=&#8221;https:\/\/media3.thoursie.net\/2021\/03\/SkulopturerEksjo\u0308kvadratiska-50-scaled-e1617001105121.webp&#8221; title_text=&#8221;SkulopturerEksjo\u0308kvadratiska-50&#8243; _builder_version=&#8221;4.9.3&#8243; _module_preset=&#8221;default&#8221;][\/et_pb_image][et_pb_text _builder_version=&#8221;4.9.3&#8243; _module_preset=&#8221;default&#8221;]<\/p>\n<p style=\"text-align: center\">Spine<\/p>\n<p>[\/et_pb_text][\/et_pb_column][\/et_pb_row][et_pb_row column_structure=&#8221;1_3,1_3,1_3&#8243; _builder_version=&#8221;4.9.3&#8243; _module_preset=&#8221;default&#8221;][et_pb_column type=&#8221;1_3&#8243; _builder_version=&#8221;4.9.3&#8243; _module_preset=&#8221;default&#8221;][et_pb_image src=&#8221;https:\/\/media3.thoursie.net\/2021\/03\/SkulopturerEksjo\u0308kvadratiska-48-scaled-e1617001127436.webp&#8221; title_text=&#8221;SkulopturerEksjo\u0308kvadratiska-48&#8243; _builder_version=&#8221;4.9.3&#8243; _module_preset=&#8221;default&#8221;][\/et_pb_image][et_pb_text _builder_version=&#8221;4.9.3&#8243; _module_preset=&#8221;default&#8221;]<\/p>\n<p style=\"text-align: center\">Woodonut<\/p>\n<p>[\/et_pb_text][\/et_pb_column][et_pb_column type=&#8221;1_3&#8243; _builder_version=&#8221;4.9.3&#8243; _module_preset=&#8221;default&#8221;][et_pb_image src=&#8221;https:\/\/media3.thoursie.net\/2021\/03\/SkulopturerEksjo\u0308kvadratiska-46-scaled-e1617001149301.webp&#8221; title_text=&#8221;SkulopturerEksjo\u0308kvadratiska-46&#8243; _builder_version=&#8221;4.9.3&#8243; _module_preset=&#8221;default&#8221;][\/et_pb_image][et_pb_text _builder_version=&#8221;4.9.3&#8243; _module_preset=&#8221;default&#8221;]<\/p>\n<p style=\"text-align: center\">Toomuch<\/p>\n<p>[\/et_pb_text][\/et_pb_column][et_pb_column type=&#8221;1_3&#8243; _builder_version=&#8221;4.9.3&#8243; _module_preset=&#8221;default&#8221;][et_pb_image src=&#8221;https:\/\/media3.thoursie.net\/2021\/03\/SkulopturerEksjo\u0308kvadratiska-44-scaled-e1617001167779.webp&#8221; title_text=&#8221;SkulopturerEksjo\u0308kvadratiska-44&#8243; _builder_version=&#8221;4.9.3&#8243; _module_preset=&#8221;default&#8221;][\/et_pb_image][et_pb_text _builder_version=&#8221;4.9.3&#8243; _module_preset=&#8221;default&#8221;]<\/p>\n<p style=\"text-align: center\">Meburn<\/p>\n<p>[\/et_pb_text][\/et_pb_column][\/et_pb_row][et_pb_row column_structure=&#8221;1_3,1_3,1_3&#8243; _builder_version=&#8221;4.9.3&#8243; _module_preset=&#8221;default&#8221;][et_pb_column type=&#8221;1_3&#8243; _builder_version=&#8221;4.9.3&#8243; _module_preset=&#8221;default&#8221;][et_pb_image src=&#8221;https:\/\/media3.thoursie.net\/2021\/03\/SkulopturerEksjo\u0308kvadratiska-42-scaled-e1617001187468.webp&#8221; title_text=&#8221;SkulopturerEksjo\u0308kvadratiska-42&#8243; _builder_version=&#8221;4.9.3&#8243; _module_preset=&#8221;default&#8221;][\/et_pb_image][et_pb_text _builder_version=&#8221;4.9.3&#8243; _module_preset=&#8221;default&#8221;]<\/p>\n<p style=\"text-align: center\">Farah<\/p>\n<p>[\/et_pb_text][\/et_pb_column][et_pb_column type=&#8221;1_3&#8243; _builder_version=&#8221;4.9.3&#8243; _module_preset=&#8221;default&#8221;][et_pb_image src=&#8221;https:\/\/media3.thoursie.net\/2021\/03\/SkulopturerEksjo\u0308kvadratiska-40-1-scaled-e1617001206840.webp&#8221; title_text=&#8221;SkulopturerEksjo\u0308kvadratiska-40&#8243; _builder_version=&#8221;4.9.3&#8243; _module_preset=&#8221;default&#8221;][\/et_pb_image][et_pb_text _builder_version=&#8221;4.9.3&#8243; _module_preset=&#8221;default&#8221;]<\/p>\n<p style=\"text-align: center\">Devilbug<\/p>\n<p>[\/et_pb_text][\/et_pb_column][et_pb_column type=&#8221;1_3&#8243; _builder_version=&#8221;4.9.3&#8243; _module_preset=&#8221;default&#8221;][et_pb_image src=&#8221;https:\/\/media3.thoursie.net\/2021\/03\/SkulopturerEksjo\u0308kvadratiska-39-scaled-e1617001218461.webp&#8221; title_text=&#8221;SkulopturerEksjo\u0308kvadratiska-39&#8243; _builder_version=&#8221;4.9.3&#8243; _module_preset=&#8221;default&#8221;][\/et_pb_image][et_pb_text _builder_version=&#8221;4.9.3&#8243; _module_preset=&#8221;default&#8221;]<\/p>\n<p style=\"text-align: center\">Jelly<\/p>\n<p>[\/et_pb_text][\/et_pb_column][\/et_pb_row][et_pb_row column_structure=&#8221;1_3,1_3,1_3&#8243; _builder_version=&#8221;4.9.3&#8243; _module_preset=&#8221;default&#8221;][et_pb_column type=&#8221;1_3&#8243; _builder_version=&#8221;4.9.3&#8243; _module_preset=&#8221;default&#8221;][et_pb_image src=&#8221;https:\/\/media3.thoursie.net\/2021\/03\/SkulopturerEksjo\u0308kvadratiska-36-scaled-e1617001246907.webp&#8221; title_text=&#8221;SkulopturerEksjo\u0308kvadratiska-36&#8243; _builder_version=&#8221;4.9.3&#8243; _module_preset=&#8221;default&#8221;][\/et_pb_image][et_pb_text _builder_version=&#8221;4.9.3&#8243; _module_preset=&#8221;default&#8221;]<\/p>\n<p style=\"text-align: center\">Cross<\/p>\n<p>[\/et_pb_text][\/et_pb_column][et_pb_column type=&#8221;1_3&#8243; _builder_version=&#8221;4.9.3&#8243; _module_preset=&#8221;default&#8221;][et_pb_image src=&#8221;https:\/\/media3.thoursie.net\/2021\/03\/SkulopturerEksjo\u0308kvadratiska-34-scaled-e1617001265941.webp&#8221; title_text=&#8221;SkulopturerEksjo\u0308kvadratiska-34&#8243; _builder_version=&#8221;4.9.3&#8243; _module_preset=&#8221;default&#8221;][\/et_pb_image][et_pb_text _builder_version=&#8221;4.9.3&#8243; _module_preset=&#8221;default&#8221;]<\/p>\n<p style=\"text-align: center\">Fog<\/p>\n<p>[\/et_pb_text][\/et_pb_column][et_pb_column type=&#8221;1_3&#8243; _builder_version=&#8221;4.9.3&#8243; _module_preset=&#8221;default&#8221;][et_pb_image src=&#8221;https:\/\/media3.thoursie.net\/2021\/03\/SkulopturerEksjo\u0308kvadratiska-32-scaled-e1617001286553.webp&#8221; title_text=&#8221;SkulopturerEksjo\u0308kvadratiska-32&#8243; _builder_version=&#8221;4.9.3&#8243; _module_preset=&#8221;default&#8221;][\/et_pb_image][et_pb_text _builder_version=&#8221;4.9.3&#8243; _module_preset=&#8221;default&#8221;]<\/p>\n<p style=\"text-align: center\">Sprick<\/p>\n<p>[\/et_pb_text][\/et_pb_column][\/et_pb_row][et_pb_row column_structure=&#8221;1_3,1_3,1_3&#8243; _builder_version=&#8221;4.9.3&#8243; _module_preset=&#8221;default&#8221;][et_pb_column type=&#8221;1_3&#8243; _builder_version=&#8221;4.9.3&#8243; _module_preset=&#8221;default&#8221;][et_pb_image src=&#8221;https:\/\/media3.thoursie.net\/2021\/03\/SkulopturerEksjo\u0308kvadratiska-30-scaled-e1617001305457.webp&#8221; title_text=&#8221;SkulopturerEksjo\u0308kvadratiska-30&#8243; _builder_version=&#8221;4.9.3&#8243; _module_preset=&#8221;default&#8221;][\/et_pb_image][et_pb_text _builder_version=&#8221;4.9.3&#8243; _module_preset=&#8221;default&#8221;]<\/p>\n<p style=\"text-align: center\">Ballon<\/p>\n<p>[\/et_pb_text][\/et_pb_column][et_pb_column type=&#8221;1_3&#8243; _builder_version=&#8221;4.9.3&#8243; _module_preset=&#8221;default&#8221;][et_pb_image src=&#8221;https:\/\/media3.thoursie.net\/2021\/03\/SkulopturerEksjo\u0308kvadratiska-28-scaled-e1617001324524.webp&#8221; title_text=&#8221;SkulopturerEksjo\u0308kvadratiska-28&#8243; _builder_version=&#8221;4.9.3&#8243; _module_preset=&#8221;default&#8221;][\/et_pb_image][et_pb_text _builder_version=&#8221;4.9.3&#8243; _module_preset=&#8221;default&#8221;]<\/p>\n<p style=\"text-align: center\">Pleasure<\/p>\n<p>[\/et_pb_text][\/et_pb_column][et_pb_column type=&#8221;1_3&#8243; _builder_version=&#8221;4.9.3&#8243; _module_preset=&#8221;default&#8221;][et_pb_image src=&#8221;https:\/\/media3.thoursie.net\/2021\/03\/SkulopturerEksjo\u0308kvadratiska-26-scaled-e1617001345651.webp&#8221; title_text=&#8221;SkulopturerEksjo\u0308kvadratiska-26&#8243; _builder_version=&#8221;4.9.3&#8243; _module_preset=&#8221;default&#8221;][\/et_pb_image][et_pb_text _builder_version=&#8221;4.9.3&#8243; _module_preset=&#8221;default&#8221;]<\/p>\n<p style=\"text-align: center\">Bottom<\/p>\n<p>[\/et_pb_text][\/et_pb_column][\/et_pb_row][et_pb_row column_structure=&#8221;1_3,1_3,1_3&#8243; _builder_version=&#8221;4.9.3&#8243; _module_preset=&#8221;default&#8221;][et_pb_column type=&#8221;1_3&#8243; _builder_version=&#8221;4.9.3&#8243; _module_preset=&#8221;default&#8221;][et_pb_image src=&#8221;https:\/\/media3.thoursie.net\/2021\/03\/SkulopturerEksjo\u0308kvadratiska-25-scaled-e1617001355791.webp&#8221; title_text=&#8221;SkulopturerEksjo\u0308kvadratiska-25&#8243; _builder_version=&#8221;4.9.3&#8243; _module_preset=&#8221;default&#8221;][\/et_pb_image][et_pb_text _builder_version=&#8221;4.9.3&#8243; _module_preset=&#8221;default&#8221;]<\/p>\n<p style=\"text-align: center\">Blow<\/p>\n<p>[\/et_pb_text][\/et_pb_column][et_pb_column type=&#8221;1_3&#8243; _builder_version=&#8221;4.9.3&#8243; _module_preset=&#8221;default&#8221;][et_pb_image src=&#8221;https:\/\/media3.thoursie.net\/2021\/03\/SkulopturerEksjo\u0308kvadratiska-22-scaled-e1617001385317.webp&#8221; title_text=&#8221;SkulopturerEksjo\u0308kvadratiska-22&#8243; _builder_version=&#8221;4.9.3&#8243; _module_preset=&#8221;default&#8221;][\/et_pb_image][et_pb_text _builder_version=&#8221;4.9.3&#8243; _module_preset=&#8221;default&#8221;]<\/p>\n<p style=\"text-align: center\">Missjo<\/p>\n<p>[\/et_pb_text][\/et_pb_column][et_pb_column type=&#8221;1_3&#8243; _builder_version=&#8221;4.9.3&#8243; _module_preset=&#8221;default&#8221;][et_pb_image src=&#8221;https:\/\/media3.thoursie.net\/2021\/03\/SkulopturerEksjo\u0308kvadratiska-20-scaled-e1617001400915.webp&#8221; title_text=&#8221;SkulopturerEksjo\u0308kvadratiska-20&#8243; _builder_version=&#8221;4.9.3&#8243; _module_preset=&#8221;default&#8221;][\/et_pb_image][et_pb_text _builder_version=&#8221;4.9.3&#8243; _module_preset=&#8221;default&#8221;]<\/p>\n<p style=\"text-align: center\">Shutthe<\/p>\n<p>[\/et_pb_text][\/et_pb_column][\/et_pb_row][et_pb_row column_structure=&#8221;1_3,1_3,1_3&#8243; _builder_version=&#8221;4.9.3&#8243; _module_preset=&#8221;default&#8221;][et_pb_column type=&#8221;1_3&#8243; _builder_version=&#8221;4.9.3&#8243; _module_preset=&#8221;default&#8221;][et_pb_image src=&#8221;https:\/\/media3.thoursie.net\/2021\/03\/SkulopturerEksjo\u0308kvadratiska-18-scaled-e1617001421387.webp&#8221; title_text=&#8221;SkulopturerEksjo\u0308kvadratiska-18&#8243; _builder_version=&#8221;4.9.3&#8243; _module_preset=&#8221;default&#8221;][\/et_pb_image][et_pb_text _builder_version=&#8221;4.9.3&#8243; _module_preset=&#8221;default&#8221;]<\/p>\n<p style=\"text-align: center\">Twothorn<\/p>\n<p>[\/et_pb_text][\/et_pb_column][et_pb_column type=&#8221;1_3&#8243; _builder_version=&#8221;4.9.3&#8243; _module_preset=&#8221;default&#8221;][et_pb_image src=&#8221;https:\/\/media3.thoursie.net\/2021\/03\/SkulopturerEksjo\u0308kvadratiska-16-scaled-e1616932172742.webp&#8221; title_text=&#8221;SkulopturerEksjo\u0308kvadratiska-16&#8243; _builder_version=&#8221;4.9.3&#8243; _module_preset=&#8221;default&#8221;][\/et_pb_image][et_pb_text _builder_version=&#8221;4.9.3&#8243; _module_preset=&#8221;default&#8221;]<\/p>\n<p style=\"text-align: center\">Kidno<\/p>\n<p>[\/et_pb_text][\/et_pb_column][et_pb_column type=&#8221;1_3&#8243; _builder_version=&#8221;4.9.3&#8243; _module_preset=&#8221;default&#8221;][et_pb_image src=&#8221;https:\/\/media3.thoursie.net\/2021\/04\/Mungo_1.webp&#8221; title_text=&#8221;Mungo_1&#8243; _builder_version=&#8221;4.9.3&#8243; _module_preset=&#8221;default&#8221;][\/et_pb_image][et_pb_text _builder_version=&#8221;4.9.3&#8243; _module_preset=&#8221;default&#8221;]<\/p>\n<p style=\"text-align: center\">Mungo<\/p>\n<p>[\/et_pb_text][\/et_pb_column][\/et_pb_row][et_pb_row column_structure=&#8221;1_3,1_3,1_3&#8243; _builder_version=&#8221;4.9.3&#8243; _module_preset=&#8221;default&#8221;][et_pb_column type=&#8221;1_3&#8243; _builder_version=&#8221;4.9.3&#8243; _module_preset=&#8221;default&#8221;][et_pb_image src=&#8221;https:\/\/media3.thoursie.net\/2021\/04\/Wejt_2.webp&#8221; title_text=&#8221;Wejt_2&#8243; _builder_version=&#8221;4.9.3&#8243; _module_preset=&#8221;default&#8221;][\/et_pb_image][et_pb_text _builder_version=&#8221;4.9.3&#8243; _module_preset=&#8221;default&#8221;]<\/p>\n<p style=\"text-align: center\">Wejt<\/p>\n<p>[\/et_pb_text][\/et_pb_column][et_pb_column type=&#8221;1_3&#8243; _builder_version=&#8221;4.9.3&#8243; _module_preset=&#8221;default&#8221;][et_pb_image src=&#8221;https:\/\/media3.thoursie.net\/2021\/04\/Wanaj.webp&#8221; title_text=&#8221;Wanaj&#8221; _builder_version=&#8221;4.9.3&#8243; _module_preset=&#8221;default&#8221;][\/et_pb_image][et_pb_text _builder_version=&#8221;4.9.3&#8243; _module_preset=&#8221;default&#8221;]<\/p>\n<p style=\"text-align: center\">Wanaj<\/p>\n<p>[\/et_pb_text][\/et_pb_column][et_pb_column type=&#8221;1_3&#8243; _builder_version=&#8221;4.9.3&#8243; _module_preset=&#8221;default&#8221;][et_pb_image src=&#8221;https:\/\/media3.thoursie.net\/2021\/04\/Tajerd_1.webp&#8221; title_text=&#8221;Tajerd_1&#8243; _builder_version=&#8221;4.9.3&#8243; _module_preset=&#8221;default&#8221;][\/et_pb_image][et_pb_text _builder_version=&#8221;4.9.3&#8243; _module_preset=&#8221;default&#8221;]<\/p>\n<p style=\"text-align: center\">Tajerd<\/p>\n<p>[\/et_pb_text][\/et_pb_column][\/et_pb_row][et_pb_row column_structure=&#8221;1_3,1_3,1_3&#8243; _builder_version=&#8221;4.9.3&#8243; _module_preset=&#8221;default&#8221;][et_pb_column type=&#8221;1_3&#8243; _builder_version=&#8221;4.9.3&#8243; _module_preset=&#8221;default&#8221;][et_pb_image src=&#8221;https:\/\/media3.thoursie.net\/2021\/04\/Softhorn_1.webp&#8221; title_text=&#8221;Softhorn_1&#8243; _builder_version=&#8221;4.9.3&#8243; _module_preset=&#8221;default&#8221;][\/et_pb_image][et_pb_text _builder_version=&#8221;4.9.3&#8243; _module_preset=&#8221;default&#8221;]<\/p>\n<p style=\"text-align: center\">Softhorn<\/p>\n<p>[\/et_pb_text][\/et_pb_column][et_pb_column type=&#8221;1_3&#8243; _builder_version=&#8221;4.9.3&#8243; _module_preset=&#8221;default&#8221;][et_pb_image src=&#8221;https:\/\/media3.thoursie.net\/2021\/04\/Queen_1.webp&#8221; title_text=&#8221;Queen_1&#8243; _builder_version=&#8221;4.9.3&#8243; _module_preset=&#8221;default&#8221;][\/et_pb_image][et_pb_text _builder_version=&#8221;4.9.3&#8243; _module_preset=&#8221;default&#8221;]<\/p>\n<p style=\"text-align: center\">Queen<\/p>\n<p>[\/et_pb_text][\/et_pb_column][et_pb_column type=&#8221;1_3&#8243; _builder_version=&#8221;4.9.3&#8243; _module_preset=&#8221;default&#8221;][et_pb_image src=&#8221;https:\/\/media3.thoursie.net\/2021\/04\/Nigel_1.webp&#8221; title_text=&#8221;Nigel_1&#8243; _builder_version=&#8221;4.9.3&#8243; _module_preset=&#8221;default&#8221;][\/et_pb_image][et_pb_text _builder_version=&#8221;4.9.3&#8243; _module_preset=&#8221;default&#8221;]<\/p>\n<p style=\"text-align: center\">Nigel<\/p>\n<p>[\/et_pb_text][\/et_pb_column][\/et_pb_row][\/et_pb_section]<\/p>\n","protected":false},"excerpt":{"rendered":"<p>MASKERPatinerad skr\u00f6jbr\u00e4nd r\u00f6dlera.Varierande storlekar ca 8-15 cmSunsunChiefLipShrinkleSuleepLetmethinkAmobaJevilInnoSprackOuterSpineWoodonutToomuchMeburnFarahDevilbugJellyCrossFogSprickBallonPleasureBottomBlowMissjoShuttheTwothornKidnoMungoWejtWanajTajerdSofthornQueenNigel<\/p>\n","protected":false},"author":1,"featured_media":0,"parent":0,"menu_order":0,"comment_status":"closed","ping_status":"closed","template":"","meta":{"_et_pb_use_builder":"on","_et_pb_old_content":"","_et_gb_content_width":"","om_disable_all_campaigns":false,"_monsterinsights_skip_tracking":false,"_monsterinsights_sitenote_active":false,"_monsterinsights_sitenote_note":"","_monsterinsights_sitenote_category":0,"footnotes":""},"class_list":["post-335","page","type-page","status-publish","hentry"],"aioseo_notices":[],"_links":{"self":[{"href":"https:\/\/thoursie.net\/index.php?rest_route=\/wp\/v2\/pages\/335","targetHints":{"allow":["GET"]}}],"collection":[{"href":"https:\/\/thoursie.net\/index.php?rest_route=\/wp\/v2\/pages"}],"about":[{"href":"https:\/\/thoursie.net\/index.php?rest_route=\/wp\/v2\/types\/page"}],"author":[{"embeddable":true,"href":"https:\/\/thoursie.net\/index.php?rest_route=\/wp\/v2\/users\/1"}],"replies":[{"embeddable":true,"href":"https:\/\/thoursie.net\/index.php?rest_route=%2Fwp%2Fv2%2Fcomments&post=335"}],"version-history":[{"count":73,"href":"https:\/\/thoursie.net\/index.php?rest_route=\/wp\/v2\/pages\/335\/revisions"}],"predecessor-version":[{"id":1202,"href":"https:\/\/thoursie.net\/index.php?rest_route=\/wp\/v2\/pages\/335\/revisions\/1202"}],"wp:attachment":[{"href":"https:\/\/thoursie.net\/index.php?rest_route=%2Fwp%2Fv2%2Fmedia&parent=335"}],"curies":[{"name":"wp","href":"https:\/\/api.w.org\/{rel}","templated":true}]}}