{"id":1028,"date":"2024-04-26T10:29:22","date_gmt":"2024-04-26T10:29:22","guid":{"rendered":"https:\/\/thoursie.net\/?post_type=product&#038;p=1028"},"modified":"2024-07-04T21:04:42","modified_gmt":"2024-07-04T21:04:42","slug":"jag-gar-nu","status":"publish","type":"product","link":"https:\/\/thoursie.net\/?product=jag-gar-nu","title":{"rendered":"Jag g\u00e5r nu"},"content":{"rendered":"<p>Digigraphie<\/p>\n<p>Pigmenttryck p\u00e5 arkivbest\u00e4ndigt konsttryckspapper Hahnem\u00fchle.<\/p>\n<p>352\u00d7470 mm Upplaga totalt: 5 ex<\/p>\n","protected":false},"excerpt":{"rendered":"<p>Digigraphie<\/p>\n<p>Pigmenttryck p\u00e5 arkivbest\u00e4ndigt konsttryckspapper Hahnem\u00fchle.<\/p>\n<p>352\u00d7470 mm Upplaga totalt: 5 ex<\/p>\n","protected":false},"featured_media":200,"template":"","meta":{"_et_pb_use_builder":"","_et_pb_old_content":"","_et_gb_content_width":"","om_disable_all_campaigns":false,"_monsterinsights_skip_tracking":false,"_monsterinsights_sitenote_active":false,"_monsterinsights_sitenote_note":"","_monsterinsights_sitenote_category":0},"product_brand":[],"product_cat":[33],"product_tag":[],"class_list":{"0":"post-1028","1":"product","2":"type-product","3":"status-publish","4":"has-post-thumbnail","6":"product_cat-kommunikation","8":"first","9":"instock","10":"taxable","11":"shipping-taxable","12":"purchasable","13":"product-type-simple"},"aioseo_notices":[],"_links":{"self":[{"href":"https:\/\/thoursie.net\/index.php?rest_route=\/wp\/v2\/product\/1028","targetHints":{"allow":["GET"]}}],"collection":[{"href":"https:\/\/thoursie.net\/index.php?rest_route=\/wp\/v2\/product"}],"about":[{"href":"https:\/\/thoursie.net\/index.php?rest_route=\/wp\/v2\/types\/product"}],"wp:featuredmedia":[{"embeddable":true,"href":"https:\/\/thoursie.net\/index.php?rest_route=\/wp\/v2\/media\/200"}],"wp:attachment":[{"href":"https:\/\/thoursie.net\/index.php?rest_route=%2Fwp%2Fv2%2Fmedia&parent=1028"}],"wp:term":[{"taxonomy":"product_brand","embeddable":true,"href":"https:\/\/thoursie.net\/index.php?rest_route=%2Fwp%2Fv2%2Fproduct_brand&post=1028"},{"taxonomy":"product_cat","embeddable":true,"href":"https:\/\/thoursie.net\/index.php?rest_route=%2Fwp%2Fv2%2Fproduct_cat&post=1028"},{"taxonomy":"product_tag","embeddable":true,"href":"https:\/\/thoursie.net\/index.php?rest_route=%2Fwp%2Fv2%2Fproduct_tag&post=1028"}],"curies":[{"name":"wp","href":"https:\/\/api.w.org\/{rel}","templated":true}]}}