{"id":1104,"date":"2024-04-28T07:22:41","date_gmt":"2024-04-28T07:22:41","guid":{"rendered":"https:\/\/thoursie.net\/?post_type=product&#038;p=1104"},"modified":"2024-07-04T21:02:27","modified_gmt":"2024-07-04T21:02:27","slug":"on-my-way","status":"publish","type":"product","link":"https:\/\/thoursie.net\/?product=on-my-way","title":{"rendered":"On My Way Part VIII"},"content":{"rendered":"<p>Digigraphie<\/p>\n<p>Pigmenttryck p\u00e5 Tumba grafikpapper. Upplaga: 10 st signerade och numrerade ex.<\/p>\n<p>S\u00e4ljs som l\u00f6st grafikblad. Format 47&#215;62 cm<br \/>\nEj inramad.<\/p>\n<p><strong>Bakgrund till bilden:\u00a0 &#8221;<\/strong>On My Way&#8221; \u00e4r en serie bilder som skapades n\u00e4r jag var inlagd p\u00e5 infektionsklinik f\u00f6r en varb\u00f6ld i lungan. Fr\u00e5n att fr\u00e5n b\u00f6rjan varit kraftl\u00f6s och haft sv\u00e5rt att andas f\u00f6rb\u00e4ttrades min h\u00e4lsa stegvis. Antibiotika bet p\u00e5 varb\u00f6lden och den b\u00f6rjade sakta bli mindre. Jag fick l\u00e4ra mig att tr\u00e4na upp lungkapaciteten igen f\u00f6r att kunna andas utan sm\u00e4rtor. Varje dag p\u00e5 kliniken gjorde jag en teckning av en f\u00e5gel (mig) som speglade hur jag just d\u00e5 k\u00e4nde det. M\u00e5nga av dagarna k\u00e4ndes som om jag balanserade p\u00e5 en slak lina. Sista f\u00e5geln visar hur jag rest mig och f\u00e5tt ny kraft. Fortfarande med k\u00e4nnbara m\u00e4rken av varb\u00f6lden i lungan.<\/p>\n","protected":false},"excerpt":{"rendered":"<p>Digigraphie<\/p>\n<p>Pigmenttryck p\u00e5 Tumba grafikpapper.<\/p>\n<p>S\u00e4ljs som l\u00f6st grafikblad. Format 47&#215;62 cm<br \/>\nEj inramad.<\/p>\n","protected":false},"featured_media":757,"template":"","meta":{"_et_pb_use_builder":"","_et_pb_old_content":"","_et_gb_content_width":"","om_disable_all_campaigns":false,"_monsterinsights_skip_tracking":false,"_monsterinsights_sitenote_active":false,"_monsterinsights_sitenote_note":"","_monsterinsights_sitenote_category":0},"product_brand":[],"product_cat":[30],"product_tag":[],"class_list":{"0":"post-1104","1":"product","2":"type-product","3":"status-publish","4":"has-post-thumbnail","6":"product_cat-faglar","8":"first","9":"instock","10":"taxable","11":"shipping-taxable","12":"purchasable","13":"product-type-simple"},"aioseo_notices":[],"_links":{"self":[{"href":"https:\/\/thoursie.net\/index.php?rest_route=\/wp\/v2\/product\/1104","targetHints":{"allow":["GET"]}}],"collection":[{"href":"https:\/\/thoursie.net\/index.php?rest_route=\/wp\/v2\/product"}],"about":[{"href":"https:\/\/thoursie.net\/index.php?rest_route=\/wp\/v2\/types\/product"}],"wp:featuredmedia":[{"embeddable":true,"href":"https:\/\/thoursie.net\/index.php?rest_route=\/wp\/v2\/media\/757"}],"wp:attachment":[{"href":"https:\/\/thoursie.net\/index.php?rest_route=%2Fwp%2Fv2%2Fmedia&parent=1104"}],"wp:term":[{"taxonomy":"product_brand","embeddable":true,"href":"https:\/\/thoursie.net\/index.php?rest_route=%2Fwp%2Fv2%2Fproduct_brand&post=1104"},{"taxonomy":"product_cat","embeddable":true,"href":"https:\/\/thoursie.net\/index.php?rest_route=%2Fwp%2Fv2%2Fproduct_cat&post=1104"},{"taxonomy":"product_tag","embeddable":true,"href":"https:\/\/thoursie.net\/index.php?rest_route=%2Fwp%2Fv2%2Fproduct_tag&post=1104"}],"curies":[{"name":"wp","href":"https:\/\/api.w.org\/{rel}","templated":true}]}}