{"id":868,"date":"2024-04-03T20:20:47","date_gmt":"2024-04-03T20:20:47","guid":{"rendered":"https:\/\/thoursie.net\/?post_type=product&#038;p=868"},"modified":"2024-07-04T21:23:11","modified_gmt":"2024-07-04T21:23:11","slug":"tango-xiii","status":"publish","type":"product","link":"https:\/\/thoursie.net\/?product=tango-xiii","title":{"rendered":"Tango XIII"},"content":{"rendered":"<p>Digigraphie.<br \/>\nPigmenttryck p\u00e5 arkivbest\u00e4ndigt papper Hahnem\u00fchle Hemp 290 gr.<br \/>\nSignerad av Hans Thoursie. Numrerad upplaga. Totalt finns 3 ex.<\/p>\n<p>Bildens format: 190 x 200 mm.<br \/>\nYtterm\u00e5tt passepartout: 290 x 305 mm.<\/p>\n<p>Bilden levereras inskuren i passepartout, syrafri kvalitet. Ej inramad.<\/p>\n","protected":false},"excerpt":{"rendered":"<p>Digigraphie.<br \/>\nPigmenttryck p\u00e5 arkivbest\u00e4ndigt papper Hahnem\u00fchle Hemp 290 gr.<br \/>\nSignerad av Hans Thoursie. Numrerad upplaga. Totalt finns 3 ex.<\/p>\n<p>Bildens format: 190 x 200 mm.<br \/>\nYtterm\u00e5tt passepartout: 290 x 305 mm.<\/p>\n<p>Bilden levereras inskuren i passepartout, syrafri kvalitet. Ej inramad.<\/p>\n","protected":false},"featured_media":802,"template":"","meta":{"_et_pb_use_builder":"","_et_pb_old_content":"","_et_gb_content_width":"","om_disable_all_campaigns":false,"_monsterinsights_skip_tracking":false,"_monsterinsights_sitenote_active":false,"_monsterinsights_sitenote_note":"","_monsterinsights_sitenote_category":0},"product_brand":[],"product_cat":[29],"product_tag":[],"class_list":{"0":"post-868","1":"product","2":"type-product","3":"status-publish","4":"has-post-thumbnail","6":"product_cat-tango","8":"first","9":"instock","10":"taxable","11":"shipping-taxable","12":"purchasable","13":"product-type-simple"},"aioseo_notices":[],"_links":{"self":[{"href":"https:\/\/thoursie.net\/index.php?rest_route=\/wp\/v2\/product\/868","targetHints":{"allow":["GET"]}}],"collection":[{"href":"https:\/\/thoursie.net\/index.php?rest_route=\/wp\/v2\/product"}],"about":[{"href":"https:\/\/thoursie.net\/index.php?rest_route=\/wp\/v2\/types\/product"}],"wp:featuredmedia":[{"embeddable":true,"href":"https:\/\/thoursie.net\/index.php?rest_route=\/wp\/v2\/media\/802"}],"wp:attachment":[{"href":"https:\/\/thoursie.net\/index.php?rest_route=%2Fwp%2Fv2%2Fmedia&parent=868"}],"wp:term":[{"taxonomy":"product_brand","embeddable":true,"href":"https:\/\/thoursie.net\/index.php?rest_route=%2Fwp%2Fv2%2Fproduct_brand&post=868"},{"taxonomy":"product_cat","embeddable":true,"href":"https:\/\/thoursie.net\/index.php?rest_route=%2Fwp%2Fv2%2Fproduct_cat&post=868"},{"taxonomy":"product_tag","embeddable":true,"href":"https:\/\/thoursie.net\/index.php?rest_route=%2Fwp%2Fv2%2Fproduct_tag&post=868"}],"curies":[{"name":"wp","href":"https:\/\/api.w.org\/{rel}","templated":true}]}}